{"id":124,"date":"2018-09-29T13:12:54","date_gmt":"2018-09-29T13:12:54","guid":{"rendered":"https:\/\/ergosillas.co\/blog\/about-elementor\/"},"modified":"2024-10-15T14:46:07","modified_gmt":"2024-10-15T14:46:07","slug":"acerca-de-ergosillas","status":"publish","type":"page","link":"https:\/\/ergosillas.co\/blog\/acerca-de-ergosillas\/","title":{"rendered":"Acerca de Ergosillas"},"content":{"rendered":"\t\t<div data-elementor-type=\"wp-post\" data-elementor-id=\"124\" class=\"elementor elementor-124\">\n\t\t\t\t\t\t<section class=\"elementor-section elementor-top-section elementor-element elementor-element-347725da elementor-section-boxed elementor-section-height-default elementor-section-height-default\" data-id=\"347725da\" data-element_type=\"section\">\n\t\t\t\t\t\t<div class=\"elementor-container elementor-column-gap-default\">\n\t\t\t\t\t<div class=\"aux-parallax-section elementor-column elementor-col-100 elementor-top-column elementor-element elementor-element-6d71a900\" data-id=\"6d71a900\" data-element_type=\"column\">\n\t\t\t<div class=\"elementor-widget-wrap elementor-element-populated\">\n\t\t\t\t\t\t<div class=\"elementor-element elementor-element-5e9dfeeb elementor-widget elementor-widget-aux_image\" data-id=\"5e9dfeeb\" data-element_type=\"widget\" data-widget_type=\"aux_image.default\">\n\t\t\t\t<div class=\"elementor-widget-container\">\n\t\t\t<section class=\"widget-container aux-widget-image aux-alignnone aux-parent-aueed5b417\">\n    <div class=\"aux-media-hint-frame \">\n        <div class=\"aux-media-image aux-hover-active\" >\n                    <a class=\"\" href=\"https:\/\/ergosillas.co\/la-empresa.html\" data-elementor-open-lightbox=\"no\" data-original-width=\"650\" data-original-height=\"650\" data-caption=\"acerca de sillas ergoffice\" target=\"_blank\"  >\n        \n            \n\n            \n            <img fetchpriority=\"high\" decoding=\"async\" width=\"650\" height=\"650\" src=\"https:\/\/ergosillas.co\/blog\/wp-content\/uploads\/2024\/10\/acerca-de-ergosillas.jpg\" class=\"aux-attachment aux-featured-image aux-attachment-id-1202\" alt=\"acerca de sillas ergoffice\" srcset=\"https:\/\/ergosillas.co\/blog\/wp-content\/uploads\/2024\/10\/acerca-de-ergosillas-150x150.jpg 150w,https:\/\/ergosillas.co\/blog\/wp-content\/uploads\/2024\/10\/acerca-de-ergosillas-300x300.jpg 300w,https:\/\/ergosillas.co\/blog\/wp-content\/uploads\/2024\/10\/acerca-de-ergosillas.jpg 650w\" data-ratio=\"1\" data-original-w=\"650\" sizes=\"(max-width:479px) 480px,(max-width:767px) 768px,(max-width:1023px) 1024px,650px\" \/>            \n                    <\/a>\n                <\/div>\n    <\/div>\n\n<\/section><!-- widget-container -->\t\t<\/div>\n\t\t\t\t<\/div>\n\t\t\t\t<div class=\"elementor-element elementor-element-5d0f4947 elementor-widget elementor-widget-aux_modern_heading\" data-id=\"5d0f4947\" data-element_type=\"widget\" data-widget_type=\"aux_modern_heading.default\">\n\t\t\t\t<div class=\"elementor-widget-container\">\n\t\t\t<section class=\"aux-widget-modern-heading\">\n            <div class=\"aux-widget-inner\"><a href=\"https:\/\/ergosillas.co\/index.html\" class=\"aux-modern-heading-primary-link\"><h2 class=\"aux-modern-heading-primary\">Sillas Ergoffice\n<\/h2><\/a><\/div>\n        <\/section>\t\t<\/div>\n\t\t\t\t<\/div>\n\t\t\t\t<div class=\"elementor-element elementor-element-9152e5b elementor-widget elementor-widget-aux_modern_heading\" data-id=\"9152e5b\" data-element_type=\"widget\" data-widget_type=\"aux_modern_heading.default\">\n\t\t\t\t<div class=\"elementor-widget-container\">\n\t\t\t<section class=\"aux-widget-modern-heading\">\n            <div class=\"aux-widget-inner\"><h2 class=\"aux-modern-heading-primary\"><\/h2><div class=\"aux-modern-heading-description\"><p>ERGOSILLAS, l\u00edder en el sector empresarial de Bogot\u00e1, se destaca por su compromiso inquebrantable con la excelencia en la comercializaci\u00f3n y distribuci\u00f3n de sillas para oficina de primera calidad y los m\u00e1s innovadores dise\u00f1os ergon\u00f3micos. Con una trayectoria que abarca m\u00e1s de una d\u00e9cada, ERGOSILLAS ha consolidado su posici\u00f3n como uno de los principales proveedores de mobiliario de oficina en la vibrante capital colombiana.<\/p><blockquote><p><em>Le invitamos a que complemente sus espacios de oficina con las mejores sillas y mobiliario del mercado colombiano.<\/em><\/p><\/blockquote><p>Nuestro principal aporte y diferenciaci\u00f3n que ofrecemos a nuestros clientes es una esmerada atenci\u00f3n personalizada, la cual permite reducir las barreras de comunicaci\u00f3n en pro de la satisfacci\u00f3n absoluta en productos, servicios y env\u00edos a todo Colombia.<\/p><\/div><\/div>\n        <\/section>\t\t<\/div>\n\t\t\t\t<\/div>\n\t\t\t\t\t<\/div>\n\t\t<\/div>\n\t\t\t\t\t<\/div>\n\t\t<\/section>\n\t\t\t\t<\/div>\n\t\t","protected":false},"excerpt":{"rendered":"<p>Sillas Ergoffice ERGOSILLAS, l\u00edder en el sector empresarial de Bogot\u00e1, se destaca por su compromiso inquebrantable con la excelencia en la comercializaci\u00f3n y distribuci\u00f3n de sillas para oficina de primera calidad y los m\u00e1s innovadores dise\u00f1os ergon\u00f3micos. Con una trayectoria que abarca m\u00e1s de una d\u00e9cada, ERGOSILLAS ha consolidado su posici\u00f3n como uno de los [&hellip;]<\/p>\n","protected":false},"author":1,"featured_media":0,"parent":0,"menu_order":0,"comment_status":"closed","ping_status":"closed","template":"","meta":{"_joinchat":[],"footnotes":""},"class_list":["post-124","page","type-page","status-publish","hentry"],"_links":{"self":[{"href":"https:\/\/ergosillas.co\/blog\/wp-json\/wp\/v2\/pages\/124","targetHints":{"allow":["GET"]}}],"collection":[{"href":"https:\/\/ergosillas.co\/blog\/wp-json\/wp\/v2\/pages"}],"about":[{"href":"https:\/\/ergosillas.co\/blog\/wp-json\/wp\/v2\/types\/page"}],"author":[{"embeddable":true,"href":"https:\/\/ergosillas.co\/blog\/wp-json\/wp\/v2\/users\/1"}],"replies":[{"embeddable":true,"href":"https:\/\/ergosillas.co\/blog\/wp-json\/wp\/v2\/comments?post=124"}],"version-history":[{"count":10,"href":"https:\/\/ergosillas.co\/blog\/wp-json\/wp\/v2\/pages\/124\/revisions"}],"predecessor-version":[{"id":1218,"href":"https:\/\/ergosillas.co\/blog\/wp-json\/wp\/v2\/pages\/124\/revisions\/1218"}],"wp:attachment":[{"href":"https:\/\/ergosillas.co\/blog\/wp-json\/wp\/v2\/media?parent=124"}],"curies":[{"name":"wp","href":"https:\/\/api.w.org\/{rel}","templated":true}]}}